{"id":714,"date":"2025-10-09T15:49:58","date_gmt":"2025-10-09T14:49:58","guid":{"rendered":"https:\/\/sugarra.eus\/?page_id=714"},"modified":"2025-10-09T16:18:13","modified_gmt":"2025-10-09T15:18:13","slug":"pribatutasun-politika","status":"publish","type":"page","link":"https:\/\/sugarra.eus\/eu\/pribatutasun-politika\/","title":{"rendered":"Pribatutasun-politika"},"content":{"rendered":"[et_pb_section fb_built=&#8221;1&#8243; _builder_version=&#8221;4.27.4&#8243; _module_preset=&#8221;default&#8221; global_colors_info=&#8221;{}&#8221;][et_pb_row _builder_version=&#8221;4.27.4&#8243; _module_preset=&#8221;default&#8221; global_colors_info=&#8221;{}&#8221;][et_pb_column type=&#8221;4_4&#8243; _builder_version=&#8221;4.27.4&#8243; _module_preset=&#8221;default&#8221; global_colors_info=&#8221;{}&#8221;][et_pb_text _builder_version=&#8221;4.27.4&#8243; _module_preset=&#8221;default&#8221; hover_enabled=&#8221;0&#8243; global_colors_info=&#8221;{}&#8221; sticky_enabled=&#8221;0&#8243;]\n<h1>Pribatutasun-politika<\/h1>\n<p>&nbsp;<\/p>\n<p>Ohar honen bidez, IKER FRANKU CASAMITJANAk webguneko erabiltzaileei datu pertsonalak babesteko politikari buruzko informazioa ematen die, haiek libreki eta borondatez erabaki dezaten bertan eska dakizkiekeen datu pertsonalak eman nahi dituzten edo ez.<\/p>\n<p>IKER FRANKU CASAMITJANAk Datuen Babeste Politika eguneratua izatearen konpromisoa hartzen du, lege nahiz jurisprudentzian gerta daitezkeen aldaketen arabera. Aldaketa horiek webgune honetan argitaratuak izango dira, erabiltzaileari horiek irakurtzeko beharrezko baliabideak erraztuz. Nolanahi ere, erabiltzaileekiko harremana webgunera artzen den une bertan aurreikusten diren arauen araberakoa izango da.<\/p>\n<p>&nbsp;<\/p>\n<h2>1. Tratamendu Arduraduna<\/h2>\n<p>Bildutako datu pertsonalak IKER FRANKU CASAMITJANAren tratamendu objektu izango dira, haren helbide fiskala ondorengoa izanik: C\/ Monte Izaro 4 &#8211; 48007 BILBAO (BIZKAIA).<\/p>\n<p>Erabiltzaileak bere borondatez informazio pertsonala eman ahal izango digu, datuak biltzeko formulario bidez edo horretara bideraturiko helbide elektronikoen bidez. Web orri honetako formulario edo posta elektronikoko helbideen bidezko edozein datu pertsonal emateak berekin dakar datu horiek pribatutasun politika honetan adierazten den moduan tratatzea onartu eta baimentzea.<\/p>\n<p>&nbsp;<\/p>\n<h2>2. Datu pertsonalen tratamenduaren helburuak.<\/h2>\n<p>Zure datu pertsonalen bilketa eta tratamenduaren helburuak ondorengoak dira:<\/p>\n<p>Kontsultei erantzutea eta eskaera edo eskariak.<br \/>Eskaera bati buruzko baliabide elektronikoen bidezko informazioa.<\/p>\n<p>&nbsp;<\/p>\n<h2>3. Legitimazioa.<\/h2>\n<p>Aipaturiko tratamenduak legitimatzen dituzten oinarri juridikoak erabiltzailearen adostasuna eta IKER FRANKU CASAMITJANAren interes legitimoa dira, zerbitzu onena emateko.<\/p>\n<p>&nbsp;<\/p>\n<h2>4. Hartzaileen datu pertsonalak.<\/h2>\n<p>Datuak ez zaizkie hirugarrenei erraztuko, legeak hala agintzen ez badu.<\/p>\n<p>&nbsp;<\/p>\n<h2>5. Interesdunen eskubideak.<\/h2>\n<p>Erabiltzaileek beren datu pertsonalak eskuratzeko, zuzentzeko edo ezabatzeko eskubidea dute, bai eta haien tratamendua mugatzeko edo horren aurka egiteko, datuen eramangarritasunerako, soilik datuen tratamendu automatizatuan oinarritutako erabakien xede ez izateko, emandako baimena ezeztatzeko eta kontrol-agintaritzei erreklamazioak aurkezteko ere.<\/p>\n<p>Erabiltzaileek beren eskubideak baliatu ahal izango dituzte, bai eta beren datu pertsonalen tratamenduaren inguruko gai guztiak kontsultatu ere, erakunde arduradunari, IKER FRANKU CASAMITJANAri, zuzenduriko idatzizko eskari baten bitartez, posta elektronikoz info@sugarra.eus helbidera, edo eta posta arruntez ondorengo helbidera: C\/ Monte Izaro 4 &#8211; 48007 BILBAO (BIZKAIA), bi kasuetan \u201cdatu pertsonalak\u201d erreferentziarekin, eta eskabidearekin batera nortasun agiri nazionalaren edo nortasuna egiaztatzeko balio duen beste agiri ofizial baten kopia aurkeztu beharko da.<\/p>\n<p>Erabiltzaileak, nolanahi ere, emandako datuen egiazkotasunaren gaineko erantzukizuna izango du, IKER FRANKU CASAMITJANAk datu faltsuak eman dituzten erabiltzaile guztiak baztertzeko eskubidea izango duelarik, zuzenbidean bidezkoak diren gainerako ekintzei kalterik egin gabe. Erabiltzailea emandako datu pertsonalen edozein aldaketa jakinaraztearen arduraduna da.<\/p>\n<p>&nbsp;<\/p>\n<h2>6. Datu pertsonalen kontserbazioa.<\/h2>\n<p>Erabiltzailearen datu pertsonalak behar ditugun neurrian soilik biltegiratzen ditugu, datu horiek bildu izanaren arrazoiaren eta tratamenduaren oinarri juridikoaren arabera erabili ahal izateko. Datu pertsonalak erabiltzailea arduradunari loturik jarraitzen duen bitartean eta arduradunak hauek ezabatzeko, ezerezteko eta\/edo mugatzeko eskubidea baliatzen ez duen bitartean mantenduko ditugu.<\/p>\n<p>Kasu horietan, datuak behar bezala blokeatuta mantenduko ditugu, inolako erabilerarik eman gabe, erreklamazioak egiteko edo defendatzeko nahiz haien tratamenduaren erantzukizun judizial, legal edo kontratuzko motaren bat erator daitekeen bitartean, zeina kontuan hartu beharrekoa den, horretarako, honen berreskurapena beharrezkoa izanik.<\/p>\n<p>&nbsp;<\/p>\n<h2>7. Segurtasun neurriak.<\/h2>\n<p>IKER FRANKU CASAMITJANAk indarrean dagoen araudiak eskatzen dituen datu pertsonalak babesteko segurtasun-mailak hartu ditu, trataturiko informazio motaren arabera, eta eskura dituen beste baliabide eta neurri tekniko batzuk ezarri ditu, emandako datu pertsonalen aldatzea, galtzea tratatzea edo eskuratzea saihesteko. IKER FRANKU CASAMITJANAk dagozkion segurtasun-neurriak hartu dituela bermatzen du, informazioaren segurtasuna eta zuk Internet bidez bidaltzen dizkiguzun datuen konfidentzialtasuna bermatzeko.<\/p>\n[\/et_pb_text][\/et_pb_column][\/et_pb_row][\/et_pb_section]\n","protected":false},"excerpt":{"rendered":"<p>Pribatutasun-politika &nbsp; Ohar honen bidez, IKER FRANKU CASAMITJANAk webguneko erabiltzaileei datu pertsonalak babesteko politikari buruzko informazioa ematen die, haiek libreki eta borondatez erabaki dezaten bertan eska dakizkiekeen datu pertsonalak eman nahi dituzten edo ez. IKER FRANKU CASAMITJANAk Datuen Babeste Politika eguneratua izatearen konpromisoa hartzen du, lege nahiz jurisprudentzian gerta daitezkeen aldaketen arabera. Aldaketa horiek webgune [&hellip;]<\/p>\n","protected":false},"author":1,"featured_media":0,"parent":0,"menu_order":0,"comment_status":"closed","ping_status":"closed","template":"","meta":{"_et_pb_use_builder":"on","_et_pb_old_content":"[et_pb_section fb_built=\"1\" _builder_version=\"4.27.4\" _module_preset=\"default\" global_colors_info=\"{}\"][et_pb_row _builder_version=\"4.27.4\" _module_preset=\"default\" global_colors_info=\"{}\"][et_pb_column type=\"4_4\" _builder_version=\"4.27.4\" _module_preset=\"default\" global_colors_info=\"{}\"][et_pb_text _builder_version=\"4.27.4\" _module_preset=\"default\" hover_enabled=\"0\" global_colors_info=\"{}\" sticky_enabled=\"0\"]\r\n<h1>Pribatutasun-politika<\/h1>\r\n\u00a0\r\n\r\nA trav\u00e9s del presente aviso, Iker Franku Casamitjana informa a los usuarios del sitio web acerca de su Pol\u00edtica de Protecci\u00f3n de Datos Personales con la finalidad de que \u00e9stos decidan libre y voluntariamente si desean facilitar los datos personales que les puedan ser solicitados en el mismo.\r\n\r\nIker Franku Casamitjana se compromete a mantener actualizada su Pol\u00edtica de Protecci\u00f3n de Datos de acuerdo con los posibles cambios legislativos y jurisprudenciales que puedan producirse. Tales modificaciones ser\u00e1n publicadas en este sitio web, facilitando los recursos necesarios al usuario para acceder a la lectura de las mismas. En cualquier caso, la relaci\u00f3n con los usuarios se regir\u00e1 por las normas previstas en el momento preciso en que se accede al site.\r\n<h2>1. Responsable del Tratamiento.<\/h2>\r\nLos datos personales recogidos ser\u00e1n objeto de tratamiento por Iker Franku Casamitjana, cuya direcci\u00f3n fiscal se encuentra en C\/ Monte Izaro 4 - 48007 Bilbao (Bizkaia).\r\n\r\nEl usuario podr\u00e1 proporcionarnos, de forma voluntaria, informaci\u00f3n de car\u00e1cter personal, bien, a trav\u00e9s del formulario de recogida de datos o mediante las direcciones de correo electr\u00f3nico habilitadas a tal efecto. El suministro de cualquier dato de car\u00e1cter personal a trav\u00e9s del formulario y direcciones de correo electr\u00f3nico de la presente p\u00e1gina web implican aceptar y consentir el tratamiento de los mismos en los t\u00e9rminos indicados en la presente pol\u00edtica de privacidad.\r\n\r\n\u00a0\r\n<h2>2. Finalidades del tratamiento de los datos personales.<\/h2>\r\nLa recogida y tratamiento de sus datos personales tiene como finalidades:\r\n<ul>\r\n \t<li>Contestar consultas, solicitudes o peticiones.<\/li>\r\n \t<li>Informaci\u00f3n por medios electr\u00f3nicos, que versen sobre una solicitud.<\/li>\r\n<\/ul>\r\n\u00a0\r\n<h2>3. Legitimaci\u00f3n.<\/h2>\r\nLas bases jur\u00eddicas que legitiman los tratamientos indicados son el consentimiento del usuario y el inter\u00e9s leg\u00edtimo de Iker Franku Casamitjana para la mejor prestaci\u00f3n de los servicios.\r\n\r\n\u00a0\r\n<h2>4. Destinatarios de los datos personales.<\/h2>\r\nNo se ceder\u00e1n datos a terceros salvo obligaci\u00f3n legal.\r\n\r\n\u00a0\r\n<h2>5. Derechos de los interesados.<\/h2>\r\nLos usuarios tienen derecho al acceso a sus datos personales, a su rectificaci\u00f3n o supresi\u00f3n, a la limitaci\u00f3n de su tratamiento o a oponerse al mismo, a la portabilidad de los datos, a no ser objeto de decisiones basadas \u00fanicamente en el tratamiento automatizado de los datos, a la revocaci\u00f3n del consentimiento prestado y a presentar reclamaciones ante las autoridades de control.\r\n\r\nLos usuarios podr\u00e1n ejercitar sus derechos, y en general consultar todas las cuestiones relativas al tratamiento de sus datos personales, mediante una petici\u00f3n escrita a la entidad responsable, Iker Franku Casamitjana, bien por correo electr\u00f3nico a la direcci\u00f3n ikerfc82@gmail.com, o bien por correo postal a la direcci\u00f3n: C\/ Monte Izaro 4 - 48007 Bilbao (Bizkaia), en ambos casos con la referencia \u201cDatos personales\u201d, debiendo acompa\u00f1ar a su solicitud una copia de su documento nacional de identidad o de otro documento oficial que sirva para acreditar su identidad.\r\n\r\nEl usuario responder\u00e1, en cualquier caso, de la veracidad de los datos facilitados, reserv\u00e1ndose Iker Franku Casamitjana el derecho a excluir a todo usuario que haya facilitado datos falsos, sin perjuicio de las dem\u00e1s acciones que procedan en Derecho. El usuario se hace responsable de comunicar cualquier modificaci\u00f3n de los datos personales facilitados.\r\n\r\n\u00a0\r\n<h2>6. Plazo de conservaci\u00f3n de los datos.<\/h2>\r\nS\u00f3lo almacenamos los datos personales de los usuarios en la medida en que los necesitamos a fin de poder utilizarla seg\u00fan la finalidad para la que fue recabada, y seg\u00fan la base jur\u00eddica del tratamiento de la misma. Mantendremos los datos personales mientras el usuario siga vinculado al responsable y mientras \u00e9ste no ejerza el derecho de supresi\u00f3n, cancelaci\u00f3n y\/o limitaci\u00f3n del tratamiento de los datos personales.\r\n\r\nEn estos casos mantendremos los datos debidamente bloqueados, sin darle ning\u00fan uso, mientras puedan ser necesarios para el ejercicio o defensa de reclamaciones o pueda derivarse alg\u00fan tipo de responsabilidad judicial, legal o contractual de su tratamiento, que deba ser atendida y para lo cual sea necesaria su recuperaci\u00f3n.\r\n\r\n\u00a0\r\n<h2>7. Medidas de seguridad.<\/h2>\r\nIker Franku Casamitjana, ha adoptado los niveles de seguridad de protecci\u00f3n de datos personales requeridos por la normativa vigente, en funci\u00f3n del tipo de informaci\u00f3n tratada y ha implantado otros medios y medidas t\u00e9cnicas adicionales a su alcance para evitar su alteraci\u00f3n, p\u00e9rdida, tratamiento o acceso no autorizado de los datos personales facilitados. Iker Franku Casamitjana garantiza que ha adoptado las medidas oportunas de seguridad para garantizar la seguridad de la informaci\u00f3n y la confidencialidad de los datos que usted nos env\u00eda por Internet.\r\n\r\n[\/et_pb_text][\/et_pb_column][\/et_pb_row][\/et_pb_section]","_et_gb_content_width":"","inline_featured_image":false,"footnotes":""},"class_list":["post-714","page","type-page","status-publish","hentry"],"yoast_head":"<!-- This site is optimized with the Yoast SEO plugin v27.3 - https:\/\/yoast.com\/product\/yoast-seo-wordpress\/ -->\n<title>Pribatutasun-politika - Sugarra<\/title>\n<meta name=\"robots\" content=\"index, follow, max-snippet:-1, max-image-preview:large, max-video-preview:-1\" \/>\n<link rel=\"canonical\" href=\"https:\/\/sugarra.eus\/eu\/pribatutasun-politika\/\" \/>\n<meta property=\"og:locale\" content=\"eu_ES\" \/>\n<meta property=\"og:type\" content=\"article\" \/>\n<meta property=\"og:title\" content=\"Pribatutasun-politika - Sugarra\" \/>\n<meta property=\"og:description\" content=\"Pribatutasun-politika &nbsp; Ohar honen bidez, IKER FRANKU CASAMITJANAk webguneko erabiltzaileei datu pertsonalak babesteko politikari buruzko informazioa ematen die, haiek libreki eta borondatez erabaki dezaten bertan eska dakizkiekeen datu pertsonalak eman nahi dituzten edo ez. IKER FRANKU CASAMITJANAk Datuen Babeste Politika eguneratua izatearen konpromisoa hartzen du, lege nahiz jurisprudentzian gerta daitezkeen aldaketen arabera. Aldaketa horiek webgune [&hellip;]\" \/>\n<meta property=\"og:url\" content=\"https:\/\/sugarra.eus\/eu\/pribatutasun-politika\/\" \/>\n<meta property=\"og:site_name\" content=\"Sugarra\" \/>\n<meta property=\"article:publisher\" content=\"https:\/\/www.facebook.com\/cocinasugarra\/\" \/>\n<meta property=\"article:modified_time\" content=\"2025-10-09T15:18:13+00:00\" \/>\n<meta name=\"twitter:card\" content=\"summary_large_image\" \/>\n<meta name=\"twitter:label1\" content=\"Est. reading time\" \/>\n\t<meta name=\"twitter:data1\" content=\"3 minutes\" \/>\n<script type=\"application\/ld+json\" class=\"yoast-schema-graph\">{\"@context\":\"https:\\\/\\\/schema.org\",\"@graph\":[{\"@type\":\"WebPage\",\"@id\":\"https:\\\/\\\/sugarra.eus\\\/eu\\\/pribatutasun-politika\\\/\",\"url\":\"https:\\\/\\\/sugarra.eus\\\/eu\\\/pribatutasun-politika\\\/\",\"name\":\"Pribatutasun-politika - Sugarra\",\"isPartOf\":{\"@id\":\"https:\\\/\\\/sugarra.eus\\\/#website\"},\"datePublished\":\"2025-10-09T14:49:58+00:00\",\"dateModified\":\"2025-10-09T15:18:13+00:00\",\"breadcrumb\":{\"@id\":\"https:\\\/\\\/sugarra.eus\\\/eu\\\/pribatutasun-politika\\\/#breadcrumb\"},\"inLanguage\":\"eu-ES\",\"potentialAction\":[{\"@type\":\"ReadAction\",\"target\":[\"https:\\\/\\\/sugarra.eus\\\/eu\\\/pribatutasun-politika\\\/\"]}]},{\"@type\":\"BreadcrumbList\",\"@id\":\"https:\\\/\\\/sugarra.eus\\\/eu\\\/pribatutasun-politika\\\/#breadcrumb\",\"itemListElement\":[{\"@type\":\"ListItem\",\"position\":1,\"name\":\"Portada\",\"item\":\"https:\\\/\\\/sugarra.eus\\\/eu\\\/\"},{\"@type\":\"ListItem\",\"position\":2,\"name\":\"Pribatutasun-politika\"}]},{\"@type\":\"WebSite\",\"@id\":\"https:\\\/\\\/sugarra.eus\\\/#website\",\"url\":\"https:\\\/\\\/sugarra.eus\\\/\",\"name\":\"Sugarra\",\"description\":\"Chulet\u00f3n al kamado y m\u00e1s en Bilbao\",\"publisher\":{\"@id\":\"https:\\\/\\\/sugarra.eus\\\/#organization\"},\"potentialAction\":[{\"@type\":\"SearchAction\",\"target\":{\"@type\":\"EntryPoint\",\"urlTemplate\":\"https:\\\/\\\/sugarra.eus\\\/?s={search_term_string}\"},\"query-input\":{\"@type\":\"PropertyValueSpecification\",\"valueRequired\":true,\"valueName\":\"search_term_string\"}}],\"inLanguage\":\"eu-ES\"},{\"@type\":\"Organization\",\"@id\":\"https:\\\/\\\/sugarra.eus\\\/#organization\",\"name\":\"Sugarra\",\"url\":\"https:\\\/\\\/sugarra.eus\\\/\",\"logo\":{\"@type\":\"ImageObject\",\"inLanguage\":\"eu-ES\",\"@id\":\"https:\\\/\\\/sugarra.eus\\\/#\\\/schema\\\/logo\\\/image\\\/\",\"url\":\"https:\\\/\\\/sugarra.eus\\\/wp-content\\\/uploads\\\/2025\\\/09\\\/sugarra-logo.png\",\"contentUrl\":\"https:\\\/\\\/sugarra.eus\\\/wp-content\\\/uploads\\\/2025\\\/09\\\/sugarra-logo.png\",\"width\":2049,\"height\":498,\"caption\":\"Sugarra\"},\"image\":{\"@id\":\"https:\\\/\\\/sugarra.eus\\\/#\\\/schema\\\/logo\\\/image\\\/\"},\"sameAs\":[\"https:\\\/\\\/www.facebook.com\\\/cocinasugarra\\\/\",\"https:\\\/\\\/www.instagram.com\\\/sugarretan\\\/\",\"https:\\\/\\\/www.tripadvisor.es\\\/Restaurant_Review-g187454-d23289360-Reviews-Sugarra-Bilbao_Province_of_Vizcaya_Basque_Country.html\"]}]}<\/script>\n<!-- \/ Yoast SEO plugin. -->","yoast_head_json":{"title":"Pribatutasun-politika - Sugarra","robots":{"index":"index","follow":"follow","max-snippet":"max-snippet:-1","max-image-preview":"max-image-preview:large","max-video-preview":"max-video-preview:-1"},"canonical":"https:\/\/sugarra.eus\/eu\/pribatutasun-politika\/","og_locale":"eu_ES","og_type":"article","og_title":"Pribatutasun-politika - Sugarra","og_description":"Pribatutasun-politika &nbsp; Ohar honen bidez, IKER FRANKU CASAMITJANAk webguneko erabiltzaileei datu pertsonalak babesteko politikari buruzko informazioa ematen die, haiek libreki eta borondatez erabaki dezaten bertan eska dakizkiekeen datu pertsonalak eman nahi dituzten edo ez. IKER FRANKU CASAMITJANAk Datuen Babeste Politika eguneratua izatearen konpromisoa hartzen du, lege nahiz jurisprudentzian gerta daitezkeen aldaketen arabera. Aldaketa horiek webgune [&hellip;]","og_url":"https:\/\/sugarra.eus\/eu\/pribatutasun-politika\/","og_site_name":"Sugarra","article_publisher":"https:\/\/www.facebook.com\/cocinasugarra\/","article_modified_time":"2025-10-09T15:18:13+00:00","twitter_card":"summary_large_image","twitter_misc":{"Est. reading time":"3 minutes"},"schema":{"@context":"https:\/\/schema.org","@graph":[{"@type":"WebPage","@id":"https:\/\/sugarra.eus\/eu\/pribatutasun-politika\/","url":"https:\/\/sugarra.eus\/eu\/pribatutasun-politika\/","name":"Pribatutasun-politika - Sugarra","isPartOf":{"@id":"https:\/\/sugarra.eus\/#website"},"datePublished":"2025-10-09T14:49:58+00:00","dateModified":"2025-10-09T15:18:13+00:00","breadcrumb":{"@id":"https:\/\/sugarra.eus\/eu\/pribatutasun-politika\/#breadcrumb"},"inLanguage":"eu-ES","potentialAction":[{"@type":"ReadAction","target":["https:\/\/sugarra.eus\/eu\/pribatutasun-politika\/"]}]},{"@type":"BreadcrumbList","@id":"https:\/\/sugarra.eus\/eu\/pribatutasun-politika\/#breadcrumb","itemListElement":[{"@type":"ListItem","position":1,"name":"Portada","item":"https:\/\/sugarra.eus\/eu\/"},{"@type":"ListItem","position":2,"name":"Pribatutasun-politika"}]},{"@type":"WebSite","@id":"https:\/\/sugarra.eus\/#website","url":"https:\/\/sugarra.eus\/","name":"Sugarra","description":"Chulet\u00f3n al kamado y m\u00e1s en Bilbao","publisher":{"@id":"https:\/\/sugarra.eus\/#organization"},"potentialAction":[{"@type":"SearchAction","target":{"@type":"EntryPoint","urlTemplate":"https:\/\/sugarra.eus\/?s={search_term_string}"},"query-input":{"@type":"PropertyValueSpecification","valueRequired":true,"valueName":"search_term_string"}}],"inLanguage":"eu-ES"},{"@type":"Organization","@id":"https:\/\/sugarra.eus\/#organization","name":"Sugarra","url":"https:\/\/sugarra.eus\/","logo":{"@type":"ImageObject","inLanguage":"eu-ES","@id":"https:\/\/sugarra.eus\/#\/schema\/logo\/image\/","url":"https:\/\/sugarra.eus\/wp-content\/uploads\/2025\/09\/sugarra-logo.png","contentUrl":"https:\/\/sugarra.eus\/wp-content\/uploads\/2025\/09\/sugarra-logo.png","width":2049,"height":498,"caption":"Sugarra"},"image":{"@id":"https:\/\/sugarra.eus\/#\/schema\/logo\/image\/"},"sameAs":["https:\/\/www.facebook.com\/cocinasugarra\/","https:\/\/www.instagram.com\/sugarretan\/","https:\/\/www.tripadvisor.es\/Restaurant_Review-g187454-d23289360-Reviews-Sugarra-Bilbao_Province_of_Vizcaya_Basque_Country.html"]}]}},"_links":{"self":[{"href":"https:\/\/sugarra.eus\/eu\/wp-json\/wp\/v2\/pages\/714","targetHints":{"allow":["GET"]}}],"collection":[{"href":"https:\/\/sugarra.eus\/eu\/wp-json\/wp\/v2\/pages"}],"about":[{"href":"https:\/\/sugarra.eus\/eu\/wp-json\/wp\/v2\/types\/page"}],"author":[{"embeddable":true,"href":"https:\/\/sugarra.eus\/eu\/wp-json\/wp\/v2\/users\/1"}],"replies":[{"embeddable":true,"href":"https:\/\/sugarra.eus\/eu\/wp-json\/wp\/v2\/comments?post=714"}],"version-history":[{"count":0,"href":"https:\/\/sugarra.eus\/eu\/wp-json\/wp\/v2\/pages\/714\/revisions"}],"wp:attachment":[{"href":"https:\/\/sugarra.eus\/eu\/wp-json\/wp\/v2\/media?parent=714"}],"curies":[{"name":"wp","href":"https:\/\/api.w.org\/{rel}","templated":true}]}}